{"id":5223,"date":"2021-09-28T14:42:32","date_gmt":"2021-09-28T11:42:32","guid":{"rendered":"https:\/\/velhos.fi\/etusivu\/"},"modified":"2025-09-25T10:10:30","modified_gmt":"2025-09-25T07:10:30","slug":"framsida","status":"publish","type":"page","link":"https:\/\/velhos.fi\/sv\/","title":{"rendered":"Framsida"},"content":{"rendered":"\r\n\r\n<section class=\"hero site-banner banner-bg-image section-default default alignfull image\">\r\n\r\n    <div class=\"site-banner-bg section-bg-image ob-position\" style=\"object-position: 50% 16%\" >\r\n\r\n        <img loading=\"lazy\" decoding=\"async\" width=\"2560\" height=\"464\" src=\"https:\/\/velhos.fi\/wp-content\/uploads\/2023\/09\/shutterstock-476416021-scaled.jpg\" class=\"attachment-1536\u00d71536 size-1536\u00d71536\" alt=\"\" srcset=\"https:\/\/velhos.fi\/wp-content\/uploads\/2023\/09\/shutterstock-476416021-scaled.jpg 2560w, https:\/\/velhos.fi\/wp-content\/uploads\/2023\/09\/shutterstock-476416021-300x54.jpg 300w, https:\/\/velhos.fi\/wp-content\/uploads\/2023\/09\/shutterstock-476416021-1024x186.jpg 1024w, https:\/\/velhos.fi\/wp-content\/uploads\/2023\/09\/shutterstock-476416021-768x139.jpg 768w, https:\/\/velhos.fi\/wp-content\/uploads\/2023\/09\/shutterstock-476416021-1536x278.jpg 1536w, https:\/\/velhos.fi\/wp-content\/uploads\/2023\/09\/shutterstock-476416021-2048x371.jpg 2048w\" sizes=\"auto, (max-width: 2560px) 100vw, 2560px\" \/>\r\n        \r\n            <div class=\"site-banner-content container\">\r\n                <div class=\"row w-100\">\r\n                    <div class=\"col-md-12\">\r\n\r\n                                                        <div class=\"site-banner-logo\"><img decoding=\"async\" src=\" https:\/\/velhos.fi\/wp-content\/uploads\/2023\/10\/velhos-logo-violettitausta.png\" alt=\"Velhos Hevostoiminta\" \/>\r\n                                <\/div>\r\n                        <div class=\"inner-content\">\r\n                            <div class=\"acf-innerblocks-container\">\n\n<p><\/p>\n\n<\/div>\r\n                        <\/div>                    <\/div>\r\n                <\/div>\r\n            <\/div>\r\n        \r\n        <\/div><\/section>\n\n\n<div class=\"wp-block-columns alignfull has-background is-layout-flex wp-container-core-columns-is-layout-9d6595d7 wp-block-columns-is-layout-flex\" style=\"background-color:#664473\">\n<div class=\"wp-block-column is-layout-flow wp-block-column-is-layout-flow\">\n<h1 class=\"wp-block-heading has-text-align-center has-white-color has-text-color\">Din guide f\u00f6r m\u00e5ngkulturell interaktion<\/h1>\n\n\n\n<p class=\"has-text-align-center has-white-color has-text-color\" id=\"block-6b647f12-739c-41a5-9725-bd9e7714f25e\">Velhos erbjuder m\u00e4nniskoorienterade h\u00e4sttj\u00e4nster. Under &#8217;H\u00e4stverksamhet&#8217; hittar du mer detaljerad information om dem.<\/p>\n<\/div>\n<\/div>\n\n\n\n<div class=\"wp-block-group alignfull has-white-background-color has-background\"><div class=\"wp-block-group__inner-container is-layout-flow wp-block-group-is-layout-flow\">\n<div class=\"wp-block-group\"><div class=\"wp-block-group__inner-container is-layout-flow wp-block-group-is-layout-flow\">\n<div class=\"wp-block-columns nosto-kuva-ja-teksti is-layout-flex wp-container-core-columns-is-layout-9d6595d7 wp-block-columns-is-layout-flex\">\n<div class=\"wp-block-column has-light-gray-background-color has-background is-layout-flow wp-block-column-is-layout-flow\">\n<figure class=\"wp-block-image size-large\"><img loading=\"lazy\" decoding=\"async\" width=\"1024\" height=\"683\" src=\"https:\/\/velhos.fi\/wp-content\/uploads\/2023\/09\/shutterstock-2142217057-1024x683.jpg\" alt=\"\" class=\"wp-image-4505\" srcset=\"https:\/\/velhos.fi\/wp-content\/uploads\/2023\/09\/shutterstock-2142217057-1024x683.jpg 1024w, https:\/\/velhos.fi\/wp-content\/uploads\/2023\/09\/shutterstock-2142217057-300x200.jpg 300w, https:\/\/velhos.fi\/wp-content\/uploads\/2023\/09\/shutterstock-2142217057-768x512.jpg 768w, https:\/\/velhos.fi\/wp-content\/uploads\/2023\/09\/shutterstock-2142217057-1536x1024.jpg 1536w, https:\/\/velhos.fi\/wp-content\/uploads\/2023\/09\/shutterstock-2142217057-2048x1365.jpg 2048w\" sizes=\"auto, (max-width: 1024px) 100vw, 1024px\" \/><\/figure>\n\n\n\n<h2 class=\"wp-block-heading has-text-align-center\">Velhos \u00d6vers\u00e4ttningar<\/h2>\n\n\n\n<p class=\"has-text-align-center\">F\u00f6retaget, som startade som MyTransMission 2012 och fortsatte som Velhos 2023-2025 har st\u00e4ngt sin \u00f6vers\u00e4ttningsverksamhet. Vi tackar v\u00e5ra kunder och partners f\u00f6r deras l\u00e5ngvariga samarbete.<\/p>\n<\/div>\n\n\n\n<div class=\"wp-block-column has-light-gray-background-color has-background is-layout-flow wp-block-column-is-layout-flow\">\n<figure class=\"wp-block-image size-large\"><img loading=\"lazy\" decoding=\"async\" width=\"1024\" height=\"680\" src=\"https:\/\/velhos.fi\/wp-content\/uploads\/2023\/09\/dsc00958-1024x680.jpg\" alt=\"\" class=\"wp-image-4137\" srcset=\"https:\/\/velhos.fi\/wp-content\/uploads\/2023\/09\/dsc00958-1024x680.jpg 1024w, https:\/\/velhos.fi\/wp-content\/uploads\/2023\/09\/dsc00958-300x199.jpg 300w, https:\/\/velhos.fi\/wp-content\/uploads\/2023\/09\/dsc00958-768x510.jpg 768w, https:\/\/velhos.fi\/wp-content\/uploads\/2023\/09\/dsc00958-1536x1021.jpg 1536w, https:\/\/velhos.fi\/wp-content\/uploads\/2023\/09\/dsc00958-2048x1361.jpg 2048w\" sizes=\"auto, (max-width: 1024px) 100vw, 1024px\" \/><\/figure>\n\n\n\n<h2 class=\"wp-block-heading has-text-align-center\">Velhos H\u00e4stverksamhet<\/h2>\n\n\n\n<p class=\"has-text-align-center\">H\u00e4stupplevelser och kollektivt l\u00e4rande p\u00e5 Innanb\u00e4ck, Ing\u00e5.<\/p>\n\n\n\n<div class=\"wp-block-buttons is-content-justification-center is-layout-flex wp-container-core-buttons-is-layout-16018d1d wp-block-buttons-is-layout-flex\">\n<div class=\"wp-block-button\"><a class=\"wp-block-button__link wp-element-button\" href=\"https:\/\/velhos.fi\/sv\/hastverksamhet\/\">L\u00e4s mer<\/a><\/div>\n<\/div>\n<\/div>\n<\/div>\n<\/div><\/div>\n<\/div><\/div>\n\n\n\n<div class=\"wp-block-cover alignfull is-light call-to-action\"><img loading=\"lazy\" decoding=\"async\" width=\"2560\" height=\"1435\" class=\"wp-block-cover__image-background wp-image-4712\" alt=\"\" src=\"https:\/\/velhos.fi\/wp-content\/uploads\/2023\/09\/shutterstock-2340735717-scaled.jpg\" data-object-fit=\"cover\" srcset=\"https:\/\/velhos.fi\/wp-content\/uploads\/2023\/09\/shutterstock-2340735717-scaled.jpg 2560w, https:\/\/velhos.fi\/wp-content\/uploads\/2023\/09\/shutterstock-2340735717-300x168.jpg 300w, https:\/\/velhos.fi\/wp-content\/uploads\/2023\/09\/shutterstock-2340735717-1024x574.jpg 1024w, https:\/\/velhos.fi\/wp-content\/uploads\/2023\/09\/shutterstock-2340735717-768x430.jpg 768w, https:\/\/velhos.fi\/wp-content\/uploads\/2023\/09\/shutterstock-2340735717-1536x861.jpg 1536w, https:\/\/velhos.fi\/wp-content\/uploads\/2023\/09\/shutterstock-2340735717-2048x1148.jpg 2048w\" sizes=\"auto, (max-width: 2560px) 100vw, 2560px\" \/><span aria-hidden=\"true\" class=\"wp-block-cover__background has-background-dim\"><\/span><div class=\"wp-block-cover__inner-container is-layout-constrained wp-block-cover-is-layout-constrained\">\n<p class=\"has-text-align-center has-large-font-size\">Vill du ha mer information om v\u00e5r h\u00e4stverksamhet?<\/p>\n\n\n\n<div class=\"wp-block-buttons is-content-justification-center is-layout-flex wp-container-core-buttons-is-layout-16018d1d wp-block-buttons-is-layout-flex\">\n<div class=\"wp-block-button\"><a class=\"wp-block-button__link wp-element-button\" href=\"https:\/\/velhos.fi\/sv\/kontaktinformation\/\">Kontakta oss<\/a><\/div>\n<\/div>\n<\/div><\/div>\n","protected":false},"excerpt":{"rendered":"<p>Din guide f\u00f6r m\u00e5ngkulturell interaktion Velhos erbjuder m\u00e4nniskoorienterade h\u00e4sttj\u00e4nster. Under &#8217;H\u00e4stverksamhet&#8217; hittar du mer detaljerad information om dem. Velhos \u00d6vers\u00e4ttningar F\u00f6retaget, som startade som MyTransMission 2012 och fortsatte som Velhos 2023-2025 har st\u00e4ngt sin \u00f6vers\u00e4ttningsverksamhet. Vi tackar v\u00e5ra kunder och partners f\u00f6r deras l\u00e5ngvariga samarbete. Velhos H\u00e4stverksamhet H\u00e4stupplevelser och kollektivt l\u00e4rande p\u00e5 Innanb\u00e4ck, Ing\u00e5.<\/p>\n","protected":false},"author":1,"featured_media":0,"parent":0,"menu_order":1,"comment_status":"closed","ping_status":"closed","template":"","meta":{"_acf_changed":false,"footnotes":""},"class_list":["post-5223","page","type-page","status-publish","hentry"],"acf":[],"aioseo_notices":[],"_links":{"self":[{"href":"https:\/\/velhos.fi\/sv\/wp-json\/wp\/v2\/pages\/5223","targetHints":{"allow":["GET"]}}],"collection":[{"href":"https:\/\/velhos.fi\/sv\/wp-json\/wp\/v2\/pages"}],"about":[{"href":"https:\/\/velhos.fi\/sv\/wp-json\/wp\/v2\/types\/page"}],"author":[{"embeddable":true,"href":"https:\/\/velhos.fi\/sv\/wp-json\/wp\/v2\/users\/1"}],"replies":[{"embeddable":true,"href":"https:\/\/velhos.fi\/sv\/wp-json\/wp\/v2\/comments?post=5223"}],"version-history":[{"count":7,"href":"https:\/\/velhos.fi\/sv\/wp-json\/wp\/v2\/pages\/5223\/revisions"}],"predecessor-version":[{"id":6578,"href":"https:\/\/velhos.fi\/sv\/wp-json\/wp\/v2\/pages\/5223\/revisions\/6578"}],"wp:attachment":[{"href":"https:\/\/velhos.fi\/sv\/wp-json\/wp\/v2\/media?parent=5223"}],"curies":[{"name":"wp","href":"https:\/\/api.w.org\/{rel}","templated":true}]}}